{"id":1575,"date":"2024-04-16T11:49:12","date_gmt":"2024-04-16T16:49:12","guid":{"rendered":"https:\/\/fundacionmateocosta.org\/?page_id=1575"},"modified":"2024-06-02T10:51:42","modified_gmt":"2024-06-02T15:51:42","slug":"donar","status":"publish","type":"page","link":"https:\/\/fundacionmateocosta.org\/en\/donar\/","title":{"rendered":"Donate"},"content":{"rendered":"<div class=\"wp-block-columns is-layout-flex wp-container-core-columns-is-layout-2 wp-block-columns-is-layout-flex\">\n<div class=\"wp-block-column is-layout-flow wp-block-column-is-layout-flow\">\n<h2 class=\"wp-block-heading has-text-align-center has-large-font-size\" style=\"margin-top:var(--wp--preset--spacing--40);margin-bottom:var(--wp--preset--spacing--40)\"><strong>Apoya Nuestros Proyectos y Cambia Vidas con Tu Contribuci\u00f3n<\/strong><\/h2>\n\n\n\n<div class=\"wp-block-columns is-layout-flex wp-container-core-columns-is-layout-1 wp-block-columns-is-layout-flex\">\n<div class=\"wp-block-column is-layout-flow wp-block-column-is-layout-flow\">\n<p class=\"has-medium-font-size\">Conoce a la Fundaci\u00f3n Mateo Costa y descubre c\u00f3mo estamos impactando positivamente en la vida de personas. Tu donaci\u00f3n puede marcar la diferencia en la vida de aquellos que m\u00e1s lo necesitan<\/p>\n<\/div>\n\n\n\n<div class=\"wp-block-column is-layout-flow wp-block-column-is-layout-flow\">\n<p class=\"has-medium-font-size\">Nuestra meta es brindar apoyo econ\u00f3mico a personas en situaci\u00f3n de vulnerabilidad para mejorar su calidad de vida y ayudarles a alcanzar un futuro m\u00e1s prometedor. Cada donaci\u00f3n, por peque\u00f1a que sea, nos acerca m\u00e1s a alcanzar nuestros objetivos y a cambiar la vida de muchas personas<\/p>\n<\/div>\n<\/div>\n\n\n\n<h4 class=\"wp-block-heading has-text-align-center has-medium-font-size\" style=\"padding-top:var(--wp--preset--spacing--30);padding-right:0;padding-bottom:var(--wp--preset--spacing--30);padding-left:0\">Te invitamos a ser parte de esta noble causa y apoyar nuestros proyectos con una donaci\u00f3n.  Tu contribuci\u00f3n puede marcar la diferencia y brindar esperanza a quienes m\u00e1s lo necesitan<\/h4>\n\n\n\n<div class=\"wp-block-uagb-container uagb-block-7832c0fa alignfull uagb-is-root-container\"><div class=\"uagb-container-inner-blocks-wrap\">\n<div class=\"wp-block-uagb-info-box uagb-block-4bcfee33 uagb-infobox__content-wrap  uagb-infobox-icon-above-title uagb-infobox-image-valign-top\"><div class=\"uagb-ifb-content\"><div class=\"uagb-ifb-icon-wrap\"><div class=\"uagb-iconbox-icon-wrap uagb-infobox-shape-circle\"><svg xmlns=\"https:\/\/www.w3.org\/2000\/svg\" viewbox=\"0 0 512 512\"><path d=\"M0 190.9V185.1C0 115.2 50.52 55.58 119.4 44.1C164.1 36.51 211.4 51.37 244 84.02L256 96L267.1 84.02C300.6 51.37 347 36.51 392.6 44.1C461.5 55.58 512 115.2 512 185.1V190.9C512 232.4 494.8 272.1 464.4 300.4L283.7 469.1C276.2 476.1 266.3 480 256 480C245.7 480 235.8 476.1 228.3 469.1L47.59 300.4C17.23 272.1 .0003 232.4 .0003 190.9L0 190.9z\"><\/path><\/svg><\/div><\/div><div class=\"uagb-ifb-title-wrap\"><\/div><p class=\"uagb-ifb-desc\"><strong>Banco:<\/strong> Banco Pichincha<br><strong>Tipo de Cuenta:<\/strong> Cuenta Corriente<br><strong>N\u00famero de Cuenta:<\/strong> 2100303853<br><strong>Beneficiario:<\/strong> Mateo Costa Foundation<br><strong>RUC:<\/strong> 1191796923001<br>email: contacto@fundacionmateocosta.org<\/p><div class=\"uagb-ifb-separator\"><\/div><\/div><\/div>\n<\/div><\/div>\n\n\n\n<h4 class=\"wp-block-heading has-text-align-center has-large-font-size\" style=\"margin-top:var(--wp--preset--spacing--40);margin-bottom:var(--wp--preset--spacing--40)\">\u00a1Gracias por considerar hacer una donaci\u00f3n para apoyar nuestros proyectos y cambiar vidas!<\/h4>\n<\/div>\n<\/div>","protected":false},"excerpt":{"rendered":"<p>Apoya Nuestros Proyectos y Cambia Vidas con Tu Contribuci\u00f3n Conoce a la Fundaci\u00f3n Mateo Costa y descubre c\u00f3mo estamos impactando positivamente en la vida de personas. Tu donaci\u00f3n puede marcar la diferencia en la vida de aquellos que m\u00e1s lo necesitan Nuestra meta es brindar apoyo econ\u00f3mico a personas en situaci\u00f3n de vulnerabilidad para mejorar [&hellip;]<\/p>","protected":false},"author":1,"featured_media":0,"parent":0,"menu_order":0,"comment_status":"closed","ping_status":"closed","template":"","meta":{"_eb_attr":"","om_disable_all_campaigns":false,"_uag_custom_page_level_css":"","_monsterinsights_skip_tracking":false,"_monsterinsights_sitenote_active":false,"_monsterinsights_sitenote_note":"","_monsterinsights_sitenote_category":0,"_uf_show_specific_survey":0,"_uf_disable_surveys":false,"site-sidebar-layout":"default","site-content-layout":"","ast-site-content-layout":"default","site-content-style":"default","site-sidebar-style":"default","ast-global-header-display":"","ast-banner-title-visibility":"","ast-main-header-display":"","ast-hfb-above-header-display":"","ast-hfb-below-header-display":"","ast-hfb-mobile-header-display":"","site-post-title":"disabled","ast-breadcrumbs-content":"","ast-featured-img":"","footer-sml-layout":"","theme-transparent-header-meta":"","adv-header-id-meta":"","stick-header-meta":"","header-above-stick-meta":"","header-main-stick-meta":"","header-below-stick-meta":"","astra-migrate-meta-layouts":"set","ast-page-background-enabled":"default","ast-page-background-meta":{"desktop":{"background-color":"","background-image":"","background-repeat":"repeat","background-position":"center center","background-size":"auto","background-attachment":"scroll","background-type":"","background-media":"","overlay-type":"","overlay-color":"","overlay-opacity":"","overlay-gradient":""},"tablet":{"background-color":"","background-image":"","background-repeat":"repeat","background-position":"center center","background-size":"auto","background-attachment":"scroll","background-type":"","background-media":"","overlay-type":"","overlay-color":"","overlay-opacity":"","overlay-gradient":""},"mobile":{"background-color":"","background-image":"","background-repeat":"repeat","background-position":"center center","background-size":"auto","background-attachment":"scroll","background-type":"","background-media":"","overlay-type":"","overlay-color":"","overlay-opacity":"","overlay-gradient":""}},"ast-content-background-meta":{"desktop":{"background-color":"var(--ast-global-color-5)","background-image":"","background-repeat":"repeat","background-position":"center center","background-size":"auto","background-attachment":"scroll","background-type":"","background-media":"","overlay-type":"","overlay-color":"","overlay-opacity":"","overlay-gradient":""},"tablet":{"background-color":"var(--ast-global-color-5)","background-image":"","background-repeat":"repeat","background-position":"center center","background-size":"auto","background-attachment":"scroll","background-type":"","background-media":"","overlay-type":"","overlay-color":"","overlay-opacity":"","overlay-gradient":""},"mobile":{"background-color":"var(--ast-global-color-5)","background-image":"","background-repeat":"repeat","background-position":"center center","background-size":"auto","background-attachment":"scroll","background-type":"","background-media":"","overlay-type":"","overlay-color":"","overlay-opacity":"","overlay-gradient":""}},"footnotes":""},"aioseo_notices":[],"uagb_featured_image_src":{"full":false,"thumbnail":false,"medium":false,"medium_large":false,"large":false,"1536x1536":false,"2048x2048":false,"trp-custom-language-flag":false},"uagb_author_info":{"display_name":"fundacionmateocosta.org","author_link":"https:\/\/fundacionmateocosta.org\/en\/author\/khaki-wolverine-899941-hostingersite-com\/"},"uagb_comment_info":0,"uagb_excerpt":"Apoya Nuestros Proyectos y Cambia Vidas con Tu Contribuci\u00f3n Conoce a la Fundaci\u00f3n Mateo Costa y descubre c\u00f3mo estamos impactando positivamente en la vida de personas. Tu donaci\u00f3n puede marcar la diferencia en la vida de aquellos que m\u00e1s lo necesitan Nuestra meta es brindar apoyo econ\u00f3mico a personas en situaci\u00f3n de vulnerabilidad para mejorar&hellip;","_links":{"self":[{"href":"https:\/\/fundacionmateocosta.org\/en\/wp-json\/wp\/v2\/pages\/1575"}],"collection":[{"href":"https:\/\/fundacionmateocosta.org\/en\/wp-json\/wp\/v2\/pages"}],"about":[{"href":"https:\/\/fundacionmateocosta.org\/en\/wp-json\/wp\/v2\/types\/page"}],"author":[{"embeddable":true,"href":"https:\/\/fundacionmateocosta.org\/en\/wp-json\/wp\/v2\/users\/1"}],"replies":[{"embeddable":true,"href":"https:\/\/fundacionmateocosta.org\/en\/wp-json\/wp\/v2\/comments?post=1575"}],"version-history":[{"count":8,"href":"https:\/\/fundacionmateocosta.org\/en\/wp-json\/wp\/v2\/pages\/1575\/revisions"}],"predecessor-version":[{"id":1798,"href":"https:\/\/fundacionmateocosta.org\/en\/wp-json\/wp\/v2\/pages\/1575\/revisions\/1798"}],"wp:attachment":[{"href":"https:\/\/fundacionmateocosta.org\/en\/wp-json\/wp\/v2\/media?parent=1575"}],"curies":[{"name":"wp","href":"https:\/\/api.w.org\/{rel}","templated":true}]}}